{"id":5434,"date":"2024-08-02T09:45:19","date_gmt":"2024-08-02T06:45:19","guid":{"rendered":"https:\/\/www.monbu.fi\/?page_id=5434"},"modified":"2024-08-07T21:49:16","modified_gmt":"2024-08-07T18:49:16","slug":"tulospalvelu","status":"publish","type":"page","link":"https:\/\/www.monbu.fi\/?page_id=5434","title":{"rendered":"Tulospalvelu"},"content":{"rendered":"<div class=\"fusion-fullwidth fullwidth-box fusion-builder-row-1 fusion-flex-container has-pattern-background has-mask-background nonhundred-percent-fullwidth non-hundred-percent-height-scrolling\" style=\"background-color: rgba(255,255,255,0);background-position: center center;background-repeat: no-repeat;border-width: 0px 0px 0px 0px;border-color:#eae9e9;border-style:solid;\" ><div class=\"fusion-builder-row fusion-row fusion-flex-align-items-flex-start\" style=\"max-width:1216.8px;margin-left: calc(-4% \/ 2 );margin-right: calc(-4% \/ 2 );\"><div class=\"fusion-layout-column fusion_builder_column fusion-builder-column-0 fusion_builder_column_1_1 1_1 fusion-flex-column\"><div class=\"fusion-column-wrapper fusion-flex-justify-content-flex-start fusion-content-layout-column\" style=\"background-position:left top;background-repeat:no-repeat;-webkit-background-size:cover;-moz-background-size:cover;-o-background-size:cover;background-size:cover;padding: 0px 0px 0px 0px;\"><style type=\"text\/css\">@media only screen and (max-width:1024px) {.fusion-title.fusion-title-1{margin-top:0px!important; margin-right:!important;margin-bottom:30px!important;margin-left:!important;}}<\/style><div class=\"fusion-title title fusion-title-1 fusion-title-center fusion-title-text fusion-title-size-one\" style=\"margin-top:0px;margin-bottom:30px;\"><div class=\"title-sep-container title-sep-container-left\"><div class=\"title-sep sep-\" style=\"border-color:var(--awb-color3);\"><\/div><\/div><span class=\"awb-title-spacer\"><\/span><h1 class=\"title-heading-center fusion-responsive-typography-calculated\" style=\"margin:0;text-transform:capitalize;--fontSize:60;line-height:var(--awb-typography1-line-height);\"><h2>KAIKKIEN JUOKSIJOIDEN TULOKSET<\/h2><\/h1><span class=\"awb-title-spacer\"><\/span><div class=\"title-sep-container title-sep-container-right\"><div class=\"title-sep sep-\" style=\"border-color:var(--awb-color3);\"><\/div><\/div><\/div><div style=\"text-align:center;\"><style>.fusion-body .fusion-button.button-1.button-3d,.fusion-body .fusion-button.button-1.button-3d:hover{box-shadow:inset 0 1px 0 #fff, 0 0.15em 0 var(--awb-color4), 0.1em 0.2em 0.2em 0.15em rgba(0, 0, 0, 0.3);}.fusion-body .fusion-button.button-1.button-3d:active,.fusion-body .fusion-button.button-1.button-3d:hover:active{box-shadow:inset 0 1px 0 #fff, 0 1px 0 var(--awb-color4), 0.05em 0.1em 0.1em 0.07em rgba(0, 0, 0, 0.3);}.fusion-body .fusion-button.button-1{border-radius:2px 2px 2px 2px;}<\/style><a class=\"fusion-button button-3d fusion-button-default-size button-default button-1 fusion-button-default-span \" target=\"_self\" href=\"https:\/\/my.raceresult.com\/338001\/results\" style=\"margin-bottom:4%;\"><span class=\"fusion-button-text\">SEURAA TULOKSET T\u00c4\u00c4LT\u00c4<\/span><\/a><\/div><div class=\"fusion-separator fusion-full-width-sep\" style=\"align-self: center;margin-left: auto;margin-right: auto;width:100%;\"><div class=\"fusion-separator-border sep-single sep-solid\" style=\"border-color:var(--awb-color7);border-top-width:1px;\"><\/div><\/div><style type=\"text\/css\">@media only screen and (max-width:1024px) {.fusion-title.fusion-title-2{margin-top:4%!important; margin-right:!important;margin-bottom:30px!important;margin-left:!important;}}<\/style><div class=\"fusion-title title fusion-title-2 fusion-title-center fusion-title-text fusion-title-size-two\" style=\"margin-top:4%;margin-bottom:30px;\"><div class=\"title-sep-container title-sep-container-left\"><div class=\"title-sep sep-\" style=\"border-color:var(--awb-color3);\"><\/div><\/div><span class=\"awb-title-spacer\"><\/span><h2 class=\"title-heading-center fusion-responsive-typography-calculated\" style=\"margin:0;text-transform:capitalize;color:#1c1c1c;--fontSize:42;line-height:var(--awb-typography1-line-height);\"><h2>Juoksukartta<\/h2><\/h2><span class=\"awb-title-spacer\"><\/span><div class=\"title-sep-container title-sep-container-right\"><div class=\"title-sep sep-\" style=\"border-color:var(--awb-color3);\"><\/div><\/div><\/div><iframe src=\"https:\/\/racemap.com\/player\/monbu-2025_2025-08-02\"\nstyle=\"width: 100%; height: 800px; border: solid 2px rgb(90, 90, 90); border-radius : 10px; box-shadow: 0 0 25px rgb(112, 139, 161)\" allow=\"geolocation 'src'\" loading=\"lazy\" allowfullscreen webkitallowfullscreen mozallowfullscreen><\/iframe><div class=\"fusion-separator fusion-full-width-sep\" style=\"align-self: center;margin-left: auto;margin-right: auto;margin-top:30px;margin-bottom:20px;width:100%;\"><div class=\"fusion-separator-border sep-shadow\" style=\"background:radial-gradient(ellipse at 50% -50% , var(--awb-color7) 0px, rgba(255, 255, 255, 0) 80%) repeat scroll 0 0 rgba(0, 0, 0, 0);background:-webkit-radial-gradient(ellipse at 50% -50% , var(--awb-color7) 0px, rgba(255, 255, 255, 0) 80%) repeat scroll 0 0 rgba(0, 0, 0, 0);background:-moz-radial-gradient(ellipse at 50% -50% , var(--awb-color7) 0px, rgba(255, 255, 255, 0) 80%) repeat scroll 0 0 rgba(0, 0, 0, 0);background:-o-radial-gradient(ellipse at 50% -50% , var(--awb-color7) 0px, rgba(255, 255, 255, 0) 80%) repeat scroll 0 0 rgba(0, 0, 0, 0);\"><\/div><\/div><\/div><style type=\"text\/css\">.fusion-body .fusion-builder-column-0{width:100% !important;margin-top : 0px;margin-bottom : 20px;}.fusion-builder-column-0 > .fusion-column-wrapper {padding-top : 0px !important;padding-right : 0px !important;margin-right : 1.92%;padding-bottom : 0px !important;padding-left : 0px !important;margin-left : 1.92%;}@media only screen and (max-width:1024px) {.fusion-body .fusion-builder-column-0{width:100% !important;order : 0;}.fusion-builder-column-0 > .fusion-column-wrapper {margin-right : 1.92%;margin-left : 1.92%;}}@media only screen and (max-width:640px) {.fusion-body .fusion-builder-column-0{width:100% !important;order : 0;}.fusion-builder-column-0 > .fusion-column-wrapper {margin-right : 1.92%;margin-left : 1.92%;}}<\/style><\/div><\/div><style type=\"text\/css\">.fusion-body .fusion-flex-container.fusion-builder-row-1{ padding-top : 0px;margin-top : 0px;padding-right : 0px;padding-bottom : 0px;margin-bottom : 0px;padding-left : 0px;}<\/style><\/div>\n\n","protected":false},"excerpt":{"rendered":"","protected":false},"author":2,"featured_media":0,"parent":0,"menu_order":0,"comment_status":"closed","ping_status":"closed","template":"","meta":{"footnotes":""},"class_list":["post-5434","page","type-page","status-publish","hentry"],"yoast_head":"<!-- This site is optimized with the Yoast SEO plugin v26.6 - https:\/\/yoast.com\/wordpress\/plugins\/seo\/ -->\n<title>Tulospalvelu - Monbu<\/title>\n<meta name=\"robots\" content=\"index, follow, max-snippet:-1, max-image-preview:large, max-video-preview:-1\" \/>\n<link rel=\"canonical\" href=\"https:\/\/www.monbu.fi\/?page_id=5434\" \/>\n<meta property=\"og:locale\" content=\"fi_FI\" \/>\n<meta property=\"og:type\" content=\"article\" \/>\n<meta property=\"og:title\" content=\"Tulospalvelu - Monbu\" \/>\n<meta property=\"og:url\" content=\"https:\/\/www.monbu.fi\/?page_id=5434\" \/>\n<meta property=\"og:site_name\" content=\"Monbu\" \/>\n<meta property=\"article:modified_time\" content=\"2024-08-07T18:49:16+00:00\" \/>\n<meta name=\"twitter:card\" content=\"summary_large_image\" \/>\n<meta name=\"twitter:label1\" content=\"Arvioitu lukuaika\" \/>\n\t<meta name=\"twitter:data1\" content=\"4 minuuttia\" \/>\n<script type=\"application\/ld+json\" class=\"yoast-schema-graph\">{\"@context\":\"https:\/\/schema.org\",\"@graph\":[{\"@type\":\"WebPage\",\"@id\":\"https:\/\/www.monbu.fi\/?page_id=5434\",\"url\":\"https:\/\/www.monbu.fi\/?page_id=5434\",\"name\":\"Tulospalvelu - Monbu\",\"isPartOf\":{\"@id\":\"https:\/\/www.monbu.fi\/#website\"},\"datePublished\":\"2024-08-02T06:45:19+00:00\",\"dateModified\":\"2024-08-07T18:49:16+00:00\",\"breadcrumb\":{\"@id\":\"https:\/\/www.monbu.fi\/?page_id=5434#breadcrumb\"},\"inLanguage\":\"fi\",\"potentialAction\":[{\"@type\":\"ReadAction\",\"target\":[\"https:\/\/www.monbu.fi\/?page_id=5434\"]}]},{\"@type\":\"BreadcrumbList\",\"@id\":\"https:\/\/www.monbu.fi\/?page_id=5434#breadcrumb\",\"itemListElement\":[{\"@type\":\"ListItem\",\"position\":1,\"name\":\"Etusivu\",\"item\":\"https:\/\/www.monbu.fi\/\"},{\"@type\":\"ListItem\",\"position\":2,\"name\":\"Tulospalvelu\"}]},{\"@type\":\"WebSite\",\"@id\":\"https:\/\/www.monbu.fi\/#website\",\"url\":\"https:\/\/www.monbu.fi\/\",\"name\":\"Monbu\",\"description\":\"\",\"publisher\":{\"@id\":\"https:\/\/www.monbu.fi\/#organization\"},\"potentialAction\":[{\"@type\":\"SearchAction\",\"target\":{\"@type\":\"EntryPoint\",\"urlTemplate\":\"https:\/\/www.monbu.fi\/?s={search_term_string}\"},\"query-input\":{\"@type\":\"PropertyValueSpecification\",\"valueRequired\":true,\"valueName\":\"search_term_string\"}}],\"inLanguage\":\"fi\"},{\"@type\":\"Organization\",\"@id\":\"https:\/\/www.monbu.fi\/#organization\",\"name\":\"Middle of Nowhere Backyard Ultra\",\"url\":\"https:\/\/www.monbu.fi\/\",\"logo\":{\"@type\":\"ImageObject\",\"inLanguage\":\"fi\",\"@id\":\"https:\/\/www.monbu.fi\/#\/schema\/logo\/image\/\",\"url\":\"https:\/\/www.monbu.fi\/wp-content\/uploads\/2023\/05\/Monbu.jpg\",\"contentUrl\":\"https:\/\/www.monbu.fi\/wp-content\/uploads\/2023\/05\/Monbu.jpg\",\"width\":1080,\"height\":1080,\"caption\":\"Middle of Nowhere Backyard Ultra\"},\"image\":{\"@id\":\"https:\/\/www.monbu.fi\/#\/schema\/logo\/image\/\"},\"sameAs\":[\"https:\/\/www.instagram.com\/middleofnowherebackyardultra\/\"]}]}<\/script>\n<!-- \/ Yoast SEO plugin. -->","yoast_head_json":{"title":"Tulospalvelu - Monbu","robots":{"index":"index","follow":"follow","max-snippet":"max-snippet:-1","max-image-preview":"max-image-preview:large","max-video-preview":"max-video-preview:-1"},"canonical":"https:\/\/www.monbu.fi\/?page_id=5434","og_locale":"fi_FI","og_type":"article","og_title":"Tulospalvelu - Monbu","og_url":"https:\/\/www.monbu.fi\/?page_id=5434","og_site_name":"Monbu","article_modified_time":"2024-08-07T18:49:16+00:00","twitter_card":"summary_large_image","twitter_misc":{"Arvioitu lukuaika":"4 minuuttia"},"schema":{"@context":"https:\/\/schema.org","@graph":[{"@type":"WebPage","@id":"https:\/\/www.monbu.fi\/?page_id=5434","url":"https:\/\/www.monbu.fi\/?page_id=5434","name":"Tulospalvelu - Monbu","isPartOf":{"@id":"https:\/\/www.monbu.fi\/#website"},"datePublished":"2024-08-02T06:45:19+00:00","dateModified":"2024-08-07T18:49:16+00:00","breadcrumb":{"@id":"https:\/\/www.monbu.fi\/?page_id=5434#breadcrumb"},"inLanguage":"fi","potentialAction":[{"@type":"ReadAction","target":["https:\/\/www.monbu.fi\/?page_id=5434"]}]},{"@type":"BreadcrumbList","@id":"https:\/\/www.monbu.fi\/?page_id=5434#breadcrumb","itemListElement":[{"@type":"ListItem","position":1,"name":"Etusivu","item":"https:\/\/www.monbu.fi\/"},{"@type":"ListItem","position":2,"name":"Tulospalvelu"}]},{"@type":"WebSite","@id":"https:\/\/www.monbu.fi\/#website","url":"https:\/\/www.monbu.fi\/","name":"Monbu","description":"","publisher":{"@id":"https:\/\/www.monbu.fi\/#organization"},"potentialAction":[{"@type":"SearchAction","target":{"@type":"EntryPoint","urlTemplate":"https:\/\/www.monbu.fi\/?s={search_term_string}"},"query-input":{"@type":"PropertyValueSpecification","valueRequired":true,"valueName":"search_term_string"}}],"inLanguage":"fi"},{"@type":"Organization","@id":"https:\/\/www.monbu.fi\/#organization","name":"Middle of Nowhere Backyard Ultra","url":"https:\/\/www.monbu.fi\/","logo":{"@type":"ImageObject","inLanguage":"fi","@id":"https:\/\/www.monbu.fi\/#\/schema\/logo\/image\/","url":"https:\/\/www.monbu.fi\/wp-content\/uploads\/2023\/05\/Monbu.jpg","contentUrl":"https:\/\/www.monbu.fi\/wp-content\/uploads\/2023\/05\/Monbu.jpg","width":1080,"height":1080,"caption":"Middle of Nowhere Backyard Ultra"},"image":{"@id":"https:\/\/www.monbu.fi\/#\/schema\/logo\/image\/"},"sameAs":["https:\/\/www.instagram.com\/middleofnowherebackyardultra\/"]}]}},"_links":{"self":[{"href":"https:\/\/www.monbu.fi\/index.php?rest_route=\/wp\/v2\/pages\/5434","targetHints":{"allow":["GET"]}}],"collection":[{"href":"https:\/\/www.monbu.fi\/index.php?rest_route=\/wp\/v2\/pages"}],"about":[{"href":"https:\/\/www.monbu.fi\/index.php?rest_route=\/wp\/v2\/types\/page"}],"author":[{"embeddable":true,"href":"https:\/\/www.monbu.fi\/index.php?rest_route=\/wp\/v2\/users\/2"}],"replies":[{"embeddable":true,"href":"https:\/\/www.monbu.fi\/index.php?rest_route=%2Fwp%2Fv2%2Fcomments&post=5434"}],"version-history":[{"count":14,"href":"https:\/\/www.monbu.fi\/index.php?rest_route=\/wp\/v2\/pages\/5434\/revisions"}],"predecessor-version":[{"id":5447,"href":"https:\/\/www.monbu.fi\/index.php?rest_route=\/wp\/v2\/pages\/5434\/revisions\/5447"}],"wp:attachment":[{"href":"https:\/\/www.monbu.fi\/index.php?rest_route=%2Fwp%2Fv2%2Fmedia&parent=5434"}],"curies":[{"name":"wp","href":"https:\/\/api.w.org\/{rel}","templated":true}]}}